{"id":2,"date":"2014-04-25T14:56:53","date_gmt":"2014-04-25T14:56:53","guid":{"rendered":"http:\/\/localhost\/wordpress-3.9\/wordpress\/?page_id=2"},"modified":"2025-03-31T09:13:13","modified_gmt":"2025-03-31T09:13:13","slug":"sample-page","status":"publish","type":"page","link":"https:\/\/anthag.ch\/","title":{"rendered":"Home"},"content":{"rendered":"\n<div class=\"wp-block-group\"><div class=\"wp-block-group__inner-container is-layout-constrained wp-block-group-is-layout-constrained\">\n<p><a href=\"http:\/\/www.medizin-ganzheitlich.ch\" target=\"_blank\" rel=\"noopener\"><img loading=\"lazy\" decoding=\"async\" class=\"alignnone wp-image-290 size-full\" src=\"https:\/\/anthag.ch\/wp-content\/uploads\/2014\/07\/Logo_Praxis_300.jpg\" alt=\"Logo_Praxis\" width=\"200\" height=\"200\" \/><\/a><a href=\"http:\/\/www.framefarm.ch\" target=\"_blank\" rel=\"noopener\"><img loading=\"lazy\" decoding=\"async\" class=\"alignnone wp-image-289 size-full\" src=\"https:\/\/anthag.ch\/wp-content\/uploads\/2014\/07\/framefarm.jpg\" alt=\"framefarm\" width=\"200\" height=\"200\" \/><\/a><a href=\"http:\/\/www.smzo.ch\" target=\"_blank\" rel=\"noopener\"><img loading=\"lazy\" decoding=\"async\" class=\"alignnone wp-image-293 size-full\" src=\"https:\/\/anthag.ch\/wp-content\/uploads\/2014\/07\/smzo.jpg\" alt=\"smzo\" width=\"200\" height=\"200\" \/><\/a><a title=\"Foto Zurbriggen\" href=\"http:\/\/www.foto-zurbriggen.ch\" target=\"_blank\" rel=\"noopener\"><img loading=\"lazy\" decoding=\"async\" class=\"alignnone wp-image-288 size-full\" src=\"https:\/\/anthag.ch\/wp-content\/uploads\/2014\/07\/FOTOZURBRIGGEN.jpg\" alt=\"FOTOZURBRIGGEN\" width=\"200\" height=\"200\" \/><\/a><a href=\"http:\/\/www.kapellenweg.ch\" target=\"_blank\" rel=\"noopener\"><img loading=\"lazy\" decoding=\"async\" class=\"alignnone size-full wp-image-347\" src=\"https:\/\/anthag.ch\/wp-content\/uploads\/2014\/04\/Kapellenweg.jpg\" alt=\"Kapellenweg\" width=\"200\" height=\"200\" \/><\/a> \u00a0\u00a0\u00a0<\/p>\n<hr \/>\n<p><strong><span style=\"font-family: arial,helvetica,sans-serif;\"><br \/><span style=\"color: #008000;\"> NEWS<img decoding=\"async\" src=\"http:\/\/cdncache-a.akamaihd.net\/items\/it\/img\/arrow-10x10.png\" alt=\"\" \/><\/span><\/span><\/strong><\/p>\n<p><span style=\"color: #008000;\">\u00a0<\/span><\/p>\n<p><span style=\"color: #008000; font-family: arial,helvetica,sans-serif;\"><strong><span style=\"font-size: 12pt;\">Praxis Flavio Anthamatten &#8211;\u00a0\u00a0\u00a0Anerkannte Therapie-Methoden mit EMR-Label<\/span><\/strong><\/span><\/p>\n<p><strong><span style=\"color: #808080; font-family: arial,helvetica,sans-serif; font-size: 10pt;\">Naturheilkundliche Praktiken NHP (Naturheilpraktiker)<\/span><\/strong><br \/><span style=\"color: #808080; font-family: arial,helvetica,sans-serif; font-size: 10pt;\"> &#8211; Phytotherapie, westliche <\/span><br \/><span style=\"color: #808080; font-family: arial,helvetica,sans-serif; font-size: 10pt;\"> &#8211; Di\u00e4tetik (NHP) <\/span><br \/><span style=\"color: #808080; font-family: arial,helvetica,sans-serif; font-size: 10pt;\"> &#8211; Ausleitende Verfahren (NHP) <\/span><br \/><span style=\"color: #808080; font-family: arial,helvetica,sans-serif; font-size: 10pt;\"> &#8211; Hydrotherapie (NHP)<\/span><\/p>\n<p><span style=\"font-family: arial,helvetica,sans-serif;\"><strong><span style=\"color: #808080; font-size: 10pt;\">Was ist das EMR-Qualit\u00e4tslabel\u00a0<\/span><\/strong><em><span style=\"color: #808080; font-size: 10pt;\">(EMR = Erfahrung-Medizinisches-<a class=\"hbhzutoavnh\" title=\"Click to Continue &gt; by Happy2Save\" href=\"#80297268\"> Register<img decoding=\"async\" src=\"http:\/\/cdncache-a.akamaihd.net\/items\/it\/img\/arrow-10x10.png\" alt=\"\" \/><\/a>\u00a0<\/span><\/em><\/span><\/p>\n<p><span style=\"color: #808080; font-family: arial,helvetica,sans-serif; font-size: 10pt;\">Das EMR ist ein Qualit\u00e4tslabel f\u00fcr erfahrungsmedizinisch t\u00e4tige Therapeuten. Dieses Label basiert auf einer Vielzahl von Qualit\u00e4tskriterien, den sogenannten Registrierungsbedingungen. Zu den Registrierungsbedingungen<a class=\"pgeokjoiud\" title=\"Click to Continue &gt; by Happy2Save\" href=\"#17848312\"> z\u00e4hlen<img decoding=\"async\" src=\"http:\/\/cdncache-a.akamaihd.net\/items\/it\/img\/arrow-10x10.png\" alt=\"\" \/><\/a> beispielsweise die Ausbildung des Therapeuten, seine praktische Erfahrung, sein Leumund oder die kontinuierliche Fortbildung. Das EMR pr\u00fcft diese Qualit\u00e4tskriterien bei jedem Therapeuten, der sich beim EMR<a class=\"hbhzutoavnh\" title=\"Click to Continue &gt; by Happy2Save\" href=\"#51468581\"> registrieren<img decoding=\"async\" src=\"http:\/\/cdncache-a.akamaihd.net\/items\/it\/img\/arrow-10x10.png\" alt=\"\" \/><\/a> lassen m\u00f6chte. Erst wenn ein Therapeut nachweislich alle Registrierungsbedingungen erf\u00fcllt, die zum<a class=\"pgeokjoiud\" title=\"Click to Continue &gt; by Happy2Save\" href=\"#46004290\"> Zeitpunkt<img decoding=\"async\" src=\"http:\/\/cdncache-a.akamaihd.net\/items\/it\/img\/arrow-10x10.png\" alt=\"\" \/><\/a> seines Gesuchs gelten, erh\u00e4lt er das EMR-Qualit\u00e4tslabel. <span style=\"color: #008000;\"><strong>Das EMR-Qualit\u00e4tslabel steht somit f\u00fcr einen hohen Therapiestandard, der f\u00fcr viele Schweizer Versicherer eine Voraussetzung ist, um erfahrungsmedizinische Leistungen im<a class=\"pgeokjoiud\" title=\"Click to Continue &gt; by Happy2Save\" href=\"#61149281\"> Rahmen<img decoding=\"async\" src=\"http:\/\/cdncache-a.akamaihd.net\/items\/it\/img\/arrow-10x10.png\" alt=\"\" \/><\/a> der<a class=\"hbhzutoavnh\" title=\"Click to Continue &gt; by Happy2Save\" href=\"#969174\"> Zusatzversicherungen<img decoding=\"async\" src=\"http:\/\/cdncache-a.akamaihd.net\/items\/it\/img\/arrow-10x10.png\" alt=\"\" \/><\/a> zu verg\u00fcten.<\/strong><\/span><\/span><\/p>\n<hr \/><hr \/>\n<p style=\"text-align: center;\">\u00a0<a title=\"Blick\" href=\"http:\/\/www.blick.ch\" target=\"_blank\" rel=\"noopener\"><img loading=\"lazy\" decoding=\"async\" class=\"alignnone wp-image-102\" src=\"https:\/\/anthag.ch\/wp-content\/uploads\/2014\/04\/blick-logo-e1398512718695.png\" alt=\"blick-logo\" width=\"53\" height=\"30\" \/><\/a>\u00a0\u00a0 <a title=\"Radio Rottu Oberwallis\" href=\"http:\/\/www.rro.ch\" target=\"_blank\" rel=\"noopener\"><img loading=\"lazy\" decoding=\"async\" class=\"alignnone wp-image-62\" src=\"https:\/\/anthag.ch\/wp-content\/uploads\/2014\/04\/ci_rroch-kopie-e1398504542117.gif\" alt=\"ci_rroch kopie\" width=\"53\" height=\"30\" \/><\/a>\u00a0\u00a0 <a title=\"Walliser Bote online\" href=\"http:\/\/www.1815.ch\" target=\"_blank\" rel=\"noopener\"><img loading=\"lazy\" decoding=\"async\" class=\"alignnone wp-image-64\" src=\"https:\/\/anthag.ch\/wp-content\/uploads\/2014\/04\/header.png\" alt=\"header\" width=\"61\" height=\"30\" \/><\/a>\u00a0\u00a0\u00a0 <a title=\"Search\" href=\"http:\/\/www.search.ch\" target=\"_blank\" rel=\"noopener\"><img loading=\"lazy\" decoding=\"async\" class=\"alignnone wp-image-112\" src=\"https:\/\/anthag.ch\/wp-content\/uploads\/2014\/04\/search-logo-kopie.gif\" alt=\"search-logo kopie\" width=\"53\" height=\"30\" \/><\/a>\u00a0\u00a0\u00a0 <a title=\"Google\" href=\"http:\/\/www.google.ch\" target=\"_blank\" rel=\"noopener\"><img loading=\"lazy\" decoding=\"async\" class=\"alignnone wp-image-105\" src=\"https:\/\/anthag.ch\/wp-content\/uploads\/2014\/04\/google-e1398513412990.jpg\" alt=\"google\" width=\"45\" height=\"30\" \/><\/a>\u00a0\u00a0\u00a0 <a title=\"Landi Wetter\" href=\"http:\/\/www.landi.ch\/meteo\/deu\/regionalwetter_39798.aspx\" target=\"_blank\" rel=\"noopener\"><img loading=\"lazy\" decoding=\"async\" class=\"alignnone wp-image-118\" src=\"https:\/\/anthag.ch\/wp-content\/uploads\/2014\/04\/logo_landi_010x0-e1398518955962.gif\" alt=\"logo_landi_010x0\" width=\"53\" height=\"30\" \/><\/a>\u00a0\u00a0\u00a0 <a title=\"Ischers Radio\" href=\"http:\/\/www.iischers.ch\/\" target=\"_blank\" rel=\"noopener\"><img loading=\"lazy\" decoding=\"async\" class=\"alignnone wp-image-104\" src=\"https:\/\/anthag.ch\/wp-content\/uploads\/2014\/04\/ischersradio1-e1398621381952.gif\" alt=\"ischersradio\" width=\"30\" height=\"30\" \/><\/a><\/p>\n<\/div><\/div>\n","protected":false},"excerpt":{"rendered":"<p>\u00a0\u00a0\u00a0 NEWS \u00a0 Praxis Flavio Anthamatten &#8211;\u00a0\u00a0\u00a0Anerkannte Therapie-Methoden mit EMR-Label Naturheilkundliche Praktiken NHP (Naturheilpraktiker) &#8211; Phytotherapie, westliche &#8211; Di\u00e4tetik (NHP) &#8211; Ausleitende Verfahren (NHP) &#8211; Hydrotherapie (NHP) Was ist das EMR-Qualit\u00e4tslabel\u00a0(EMR = Erfahrung-Medizinisches- Register\u00a0 Das EMR ist ein Qualit\u00e4tslabel f\u00fcr &hellip; <a href=\"https:\/\/anthag.ch\/\">Weiterlesen <span class=\"meta-nav\">&rarr;<\/span><\/a><\/p>\n","protected":false},"author":1,"featured_media":0,"parent":0,"menu_order":0,"comment_status":"closed","ping_status":"closed","template":"full-width-page.php","meta":{"footnotes":""},"class_list":["post-2","page","type-page","status-publish","hentry"],"_links":{"self":[{"href":"https:\/\/anthag.ch\/index.php?rest_route=\/wp\/v2\/pages\/2","targetHints":{"allow":["GET"]}}],"collection":[{"href":"https:\/\/anthag.ch\/index.php?rest_route=\/wp\/v2\/pages"}],"about":[{"href":"https:\/\/anthag.ch\/index.php?rest_route=\/wp\/v2\/types\/page"}],"author":[{"embeddable":true,"href":"https:\/\/anthag.ch\/index.php?rest_route=\/wp\/v2\/users\/1"}],"replies":[{"embeddable":true,"href":"https:\/\/anthag.ch\/index.php?rest_route=%2Fwp%2Fv2%2Fcomments&post=2"}],"version-history":[{"count":108,"href":"https:\/\/anthag.ch\/index.php?rest_route=\/wp\/v2\/pages\/2\/revisions"}],"predecessor-version":[{"id":533,"href":"https:\/\/anthag.ch\/index.php?rest_route=\/wp\/v2\/pages\/2\/revisions\/533"}],"wp:attachment":[{"href":"https:\/\/anthag.ch\/index.php?rest_route=%2Fwp%2Fv2%2Fmedia&parent=2"}],"curies":[{"name":"wp","href":"https:\/\/api.w.org\/{rel}","templated":true}]}}